{"id":5107,"date":"2023-10-09T17:16:59","date_gmt":"2023-10-09T16:16:59","guid":{"rendered":"https:\/\/sportskarate.de\/?page_id=5107"},"modified":"2023-10-09T17:16:59","modified_gmt":"2023-10-09T16:16:59","slug":"jilani-ben-mahmoud","status":"publish","type":"page","link":"https:\/\/sportskarate.de\/?page_id=5107","title":{"rendered":"Jilani Ben Mahmoud"},"content":{"rendered":"<p><a href=\"https:\/\/sportskarate.de\/wp-content\/uploads\/2023\/10\/IMG_9928-scaled.jpg\"><img loading=\"lazy\" decoding=\"async\" class=\"alignnone size-medium wp-image-5108\" src=\"https:\/\/sportskarate.de\/wp-content\/uploads\/2023\/10\/IMG_9928-205x300.jpg\" alt=\"\" width=\"205\" height=\"300\" srcset=\"https:\/\/sportskarate.de\/wp-content\/uploads\/2023\/10\/IMG_9928-205x300.jpg 205w, https:\/\/sportskarate.de\/wp-content\/uploads\/2023\/10\/IMG_9928-701x1024.jpg 701w, https:\/\/sportskarate.de\/wp-content\/uploads\/2023\/10\/IMG_9928-768x1122.jpg 768w, https:\/\/sportskarate.de\/wp-content\/uploads\/2023\/10\/IMG_9928-1051x1536.jpg 1051w, https:\/\/sportskarate.de\/wp-content\/uploads\/2023\/10\/IMG_9928-1401x2048.jpg 1401w, https:\/\/sportskarate.de\/wp-content\/uploads\/2023\/10\/IMG_9928-scaled.jpg 1752w\" sizes=\"auto, (max-width: 205px) 100vw, 205px\" \/>L<\/a><\/p>\n<div>\n<p><strong>Trainiert welche Karategruppe beim SSV N\u00fcbbel:<br \/>\n<\/strong>Wado Ryu<\/p>\n<p><strong>Alter (Stand 2023):&nbsp;<\/strong> &nbsp;<br \/>\n51 Jahre<\/p>\n<p><strong>Betreibt Karate seit:&nbsp;<\/strong><br \/>\n1987<\/p>\n<p><strong>Hat welchen Gurt:&nbsp;<\/strong> &nbsp;<br \/>\n3. DAN<\/p>\n<\/div>\n<div><b>Erfolge:<\/b><\/div>\n<div>Als aktiver Sportler habe ich bei einigen Turnieren teilgenommen, die aber nur regional waren und auch nicht gro\u00df erw\u00e4hnenswert sind.<\/div>\n<div>&nbsp;<\/div>\n<div><b>Warum Karate?:<\/b><\/div>\n<div>Ich habe 1987 mit Karate begonnen und mit einer Pause von sechs Jahren d\u00fcrchg\u00e4ngig trainiert. Karate ist ein Sport, der in jedem Alter betrieben werden kann.<\/div>\n<div>Unsere Sportart ist sehr flexibel. Man kann Karate wettkampfm\u00e4\u00dfig aus\u00fcben oder individuell f\u00fcr sich trainieren.<\/div>\n<div>Mir macht es als Trainer sehr viel Spass, andere Sportler auf ihrem Werdegang zu begleiten und zu verbessern. Ich denke, dass ich Bewegungsabl\u00e4ufe gut erkl\u00e4ren kann, was nicht immer hei\u00dfen muss, dass ich bestimmte Techniken besser ausf\u00fchren kann.<\/div>\n<div>Karate bedeutet, in jedem Alter neue Dinge zu lernen. Das macht diesen Sport f\u00fcr mich so interessant.<\/div>\n<div>&nbsp;<\/div>\n<p>&nbsp;<\/p>\n<p>&nbsp;<\/p>\n","protected":false},"excerpt":{"rendered":"<p>L Trainiert welche Karategruppe beim SSV N\u00fcbbel: Wado Ryu Alter (Stand 2023):&nbsp; &nbsp; 51 Jahre Betreibt Karate seit:&nbsp; 1987 Hat welchen Gurt:&nbsp; &nbsp; 3. DAN Erfolge: Als aktiver Sportler habe [&hellip;]<\/p>\n","protected":false},"author":1,"featured_media":0,"parent":4858,"menu_order":0,"comment_status":"closed","ping_status":"closed","template":"","meta":{"ngg_post_thumbnail":0,"footnotes":""},"class_list":["post-5107","page","type-page","status-publish","hentry"],"_links":{"self":[{"href":"https:\/\/sportskarate.de\/index.php?rest_route=\/wp\/v2\/pages\/5107","targetHints":{"allow":["GET"]}}],"collection":[{"href":"https:\/\/sportskarate.de\/index.php?rest_route=\/wp\/v2\/pages"}],"about":[{"href":"https:\/\/sportskarate.de\/index.php?rest_route=\/wp\/v2\/types\/page"}],"author":[{"embeddable":true,"href":"https:\/\/sportskarate.de\/index.php?rest_route=\/wp\/v2\/users\/1"}],"replies":[{"embeddable":true,"href":"https:\/\/sportskarate.de\/index.php?rest_route=%2Fwp%2Fv2%2Fcomments&post=5107"}],"version-history":[{"count":1,"href":"https:\/\/sportskarate.de\/index.php?rest_route=\/wp\/v2\/pages\/5107\/revisions"}],"predecessor-version":[{"id":5109,"href":"https:\/\/sportskarate.de\/index.php?rest_route=\/wp\/v2\/pages\/5107\/revisions\/5109"}],"up":[{"embeddable":true,"href":"https:\/\/sportskarate.de\/index.php?rest_route=\/wp\/v2\/pages\/4858"}],"wp:attachment":[{"href":"https:\/\/sportskarate.de\/index.php?rest_route=%2Fwp%2Fv2%2Fmedia&parent=5107"}],"curies":[{"name":"wp","href":"https:\/\/api.w.org\/{rel}","templated":true}]}}