{"id":4861,"date":"2023-08-01T17:25:17","date_gmt":"2023-08-01T16:25:17","guid":{"rendered":"https:\/\/sportskarate.de\/?page_id=4861"},"modified":"2023-08-18T11:56:33","modified_gmt":"2023-08-18T10:56:33","slug":"axel-behrendt","status":"publish","type":"page","link":"https:\/\/sportskarate.de\/?page_id=4861","title":{"rendered":"Axel Behrendt"},"content":{"rendered":"<p><a href=\"https:\/\/sportskarate.de\/wp-content\/uploads\/2023\/08\/IMG_0705.jpeg\"><img loading=\"lazy\" decoding=\"async\" class=\"alignnone size-medium wp-image-5033\" src=\"https:\/\/sportskarate.de\/wp-content\/uploads\/2023\/08\/IMG_0705-300x261.jpeg\" alt=\"\" width=\"300\" height=\"261\" srcset=\"https:\/\/sportskarate.de\/wp-content\/uploads\/2023\/08\/IMG_0705-300x261.jpeg 300w, https:\/\/sportskarate.de\/wp-content\/uploads\/2023\/08\/IMG_0705-1024x890.jpeg 1024w, https:\/\/sportskarate.de\/wp-content\/uploads\/2023\/08\/IMG_0705-768x668.jpeg 768w, https:\/\/sportskarate.de\/wp-content\/uploads\/2023\/08\/IMG_0705-1536x1335.jpeg 1536w, https:\/\/sportskarate.de\/wp-content\/uploads\/2023\/08\/IMG_0705-2048x1780.jpeg 2048w\" sizes=\"auto, (max-width: 300px) 100vw, 300px\" \/><\/a><\/p>\n<p><strong><br \/>\nTrainiert welche Karategruppe beim SSV N\u00fcbbel:<br \/>\n<\/strong>SportsKarate<\/p>\n<p><strong>Alter (Stand 2023):&nbsp;<\/strong> &nbsp;<br \/>\n62<\/p>\n<p><strong>Betreibt Karate seit:&nbsp;<\/strong><br \/>\n1975<\/p>\n<p><strong>Hat welchen Gurt:&nbsp;<\/strong> &nbsp;<br \/>\n4. DAN<\/p>\n<p><strong>Konnte sich in der Vergangenheit \u00fcber folgende Erfolge freuen:<\/strong><br \/>\n&#8211; Als Trainer beim SSV N\u00fcbbel konnte ich mich \u00fcber mehr als 10&nbsp;<br \/>\n&nbsp; &nbsp;Deutsche Meistertitel meiner Sportler freuen.<br \/>\n&nbsp; &nbsp;Besonders waren die Erfolge in Malaysia und Portugal von Felix,<br \/>\n&nbsp; &nbsp;der in Malaysia bei der WM einen tollen 5.Platz und in Portugal<br \/>\n&nbsp; &nbsp;den Vize-Europameistertitel erreichte.<br \/>\n&nbsp; &nbsp;Einige meiner Sportler wurden aufgrund ihrer Leistungen in den<br \/>\n&nbsp; &nbsp;Nationalkader berufen und k\u00e4mpften f\u00fcr Deutschland in der ganzen<br \/>\n&nbsp; &nbsp;Welt!<br \/>\n&nbsp; &nbsp;&nbsp;<br \/>\n&#8211; Als aktiver Sportler, nahm ich in den 70er, 80er und 90er Jahren an<br \/>\n&nbsp; &nbsp;sehr vielen Turnieren teil, jedoch nicht so erfolgreich wie meine<br \/>\n&nbsp; &nbsp;Sportler aus N\u00fcbbel &#x1f609;<\/p>\n<p><strong>Warum Karate?:<\/strong><br \/>\nDiese Sportart beinhaltet so viele Facetten, dass jeder Sportler seine individuellen St\u00e4rken ausleben kann.<br \/>\nAls Trainer fasziniert mich die Entwicklung der Anf\u00e4nger bis hin zum Wettk\u00e4mpfer und der Spa\u00df diesen Weg mit dem Sportler gemeinsam zu gehen!<\/p>\n","protected":false},"excerpt":{"rendered":"<p>Trainiert welche Karategruppe beim SSV N\u00fcbbel: SportsKarate Alter (Stand 2023):&nbsp; &nbsp; 62 Betreibt Karate seit:&nbsp; 1975 Hat welchen Gurt:&nbsp; &nbsp; 4. DAN Konnte sich in der Vergangenheit \u00fcber folgende Erfolge [&hellip;]<\/p>\n","protected":false},"author":1,"featured_media":0,"parent":4858,"menu_order":0,"comment_status":"closed","ping_status":"closed","template":"","meta":{"ngg_post_thumbnail":0,"footnotes":""},"class_list":["post-4861","page","type-page","status-publish","hentry"],"_links":{"self":[{"href":"https:\/\/sportskarate.de\/index.php?rest_route=\/wp\/v2\/pages\/4861","targetHints":{"allow":["GET"]}}],"collection":[{"href":"https:\/\/sportskarate.de\/index.php?rest_route=\/wp\/v2\/pages"}],"about":[{"href":"https:\/\/sportskarate.de\/index.php?rest_route=\/wp\/v2\/types\/page"}],"author":[{"embeddable":true,"href":"https:\/\/sportskarate.de\/index.php?rest_route=\/wp\/v2\/users\/1"}],"replies":[{"embeddable":true,"href":"https:\/\/sportskarate.de\/index.php?rest_route=%2Fwp%2Fv2%2Fcomments&post=4861"}],"version-history":[{"count":6,"href":"https:\/\/sportskarate.de\/index.php?rest_route=\/wp\/v2\/pages\/4861\/revisions"}],"predecessor-version":[{"id":5034,"href":"https:\/\/sportskarate.de\/index.php?rest_route=\/wp\/v2\/pages\/4861\/revisions\/5034"}],"up":[{"embeddable":true,"href":"https:\/\/sportskarate.de\/index.php?rest_route=\/wp\/v2\/pages\/4858"}],"wp:attachment":[{"href":"https:\/\/sportskarate.de\/index.php?rest_route=%2Fwp%2Fv2%2Fmedia&parent=4861"}],"curies":[{"name":"wp","href":"https:\/\/api.w.org\/{rel}","templated":true}]}}