{"id":3394,"date":"2017-09-04T08:48:22","date_gmt":"2017-09-04T07:48:22","guid":{"rendered":"http:\/\/sportskarate.de\/?page_id=3394"},"modified":"2017-09-12T11:11:38","modified_gmt":"2017-09-12T10:11:38","slug":"pruefung","status":"publish","type":"page","link":"https:\/\/sportskarate.de\/?page_id=3394","title":{"rendered":"Pr\u00fcfung"},"content":{"rendered":"<p>Hier werden die G\u00fcrtelpr\u00fcfungsprogramme beschrieben und mit Videos erkl\u00e4rt.<\/p>\n","protected":false},"excerpt":{"rendered":"<p>Hier werden die G\u00fcrtelpr\u00fcfungsprogramme beschrieben und mit Videos erkl\u00e4rt.<\/p>\n","protected":false},"author":1,"featured_media":0,"parent":2903,"menu_order":0,"comment_status":"closed","ping_status":"closed","template":"","meta":{"ngg_post_thumbnail":0,"footnotes":""},"class_list":["post-3394","page","type-page","status-publish","hentry"],"_links":{"self":[{"href":"https:\/\/sportskarate.de\/index.php?rest_route=\/wp\/v2\/pages\/3394","targetHints":{"allow":["GET"]}}],"collection":[{"href":"https:\/\/sportskarate.de\/index.php?rest_route=\/wp\/v2\/pages"}],"about":[{"href":"https:\/\/sportskarate.de\/index.php?rest_route=\/wp\/v2\/types\/page"}],"author":[{"embeddable":true,"href":"https:\/\/sportskarate.de\/index.php?rest_route=\/wp\/v2\/users\/1"}],"replies":[{"embeddable":true,"href":"https:\/\/sportskarate.de\/index.php?rest_route=%2Fwp%2Fv2%2Fcomments&post=3394"}],"version-history":[{"count":3,"href":"https:\/\/sportskarate.de\/index.php?rest_route=\/wp\/v2\/pages\/3394\/revisions"}],"predecessor-version":[{"id":3542,"href":"https:\/\/sportskarate.de\/index.php?rest_route=\/wp\/v2\/pages\/3394\/revisions\/3542"}],"up":[{"embeddable":true,"href":"https:\/\/sportskarate.de\/index.php?rest_route=\/wp\/v2\/pages\/2903"}],"wp:attachment":[{"href":"https:\/\/sportskarate.de\/index.php?rest_route=%2Fwp%2Fv2%2Fmedia&parent=3394"}],"curies":[{"name":"wp","href":"https:\/\/api.w.org\/{rel}","templated":true}]}}